{"id":6,"date":"2020-03-21T23:00:24","date_gmt":"2020-03-21T23:00:24","guid":{"rendered":"https:\/\/fernandoflores.com.mx\/?page_id=6"},"modified":"2025-03-28T23:35:14","modified_gmt":"2025-03-28T23:35:14","slug":"inicio","status":"publish","type":"page","link":"https:\/\/fernandoflores.com.mx\/inicio\/","title":{"rendered":"INICIO"},"content":{"rendered":"\n[et_pb_section fb_built=\u00bb1&#8243; _builder_version=\u00bb4.25.2&#8243; _module_preset=\u00bbdefault\u00bb background_color=\u00bbRGBA(255,255,255,0)\u00bb global_colors_info=\u00bb{}\u00bb][et_pb_row _builder_version=\u00bb4.25.2&#8243; _module_preset=\u00bbdefault\u00bb global_colors_info=\u00bb{}\u00bb][et_pb_column type=\u00bb4_4&#8243; _builder_version=\u00bb4.25.2&#8243; _module_preset=\u00bbdefault\u00bb global_colors_info=\u00bb{}\u00bb][et_pb_text _builder_version=\u00bb4.27.4&#8243; _module_preset=\u00bbdefault\u00bb header_font=\u00bbArchitects Daughter|700|||||||\u00bb header_font_size=\u00bb80px\u00bb header_letter_spacing=\u00bb5px\u00bb header_3_font=\u00bbArchitects Daughter||||||||\u00bb header_3_font_size=\u00bb58px\u00bb header_3_letter_spacing=\u00bb5px\u00bb custom_margin=\u00bb|||25px|false|false\u00bb hover_enabled=\u00bb0&#8243; header_font_size_tablet=\u00bb67px\u00bb header_font_size_phone=\u00bb40px\u00bb header_font_size_last_edited=\u00bbon|phone\u00bb header_3_font_size_tablet=\u00bb58px\u00bb header_3_font_size_phone=\u00bb33px\u00bb header_3_font_size_last_edited=\u00bbon|phone\u00bb global_colors_info=\u00bb{}\u00bb sticky_enabled=\u00bb0&#8243;]<h1>FERNANDO FLORES<\/h1>\n<h3 style=\"text-align: center;\">PINTOR<\/h3>[\/et_pb_text][\/et_pb_column][\/et_pb_row][\/et_pb_section][et_pb_section fb_built=\u00bb1&#8243; _builder_version=\u00bb4.25.2&#8243; _module_preset=\u00bbdefault\u00bb background_color=\u00bbRGBA(255,255,255,0)\u00bb min_height=\u00bb164.5px\u00bb global_colors_info=\u00bb{}\u00bb][et_pb_row _builder_version=\u00bb4.25.1&#8243; _module_preset=\u00bbdefault\u00bb global_colors_info=\u00bb{}\u00bb][et_pb_column type=\u00bb4_4&#8243; _builder_version=\u00bb4.25.1&#8243; _module_preset=\u00bbdefault\u00bb global_colors_info=\u00bb{}\u00bb][et_pb_heading title=\u00bbSERIES\u00bb _builder_version=\u00bb4.27.4&#8243; _module_preset=\u00bbdefault\u00bb title_font=\u00bbPoppins||||||||\u00bb title_text_align=\u00bbcenter\u00bb title_font_size=\u00bb75px\u00bb title_letter_spacing=\u00bb7px\u00bb hover_enabled=\u00bb0&#8243; title_font_size_tablet=\u00bb50px\u00bb title_font_size_phone=\u00bb50px\u00bb title_font_size_last_edited=\u00bbon|phone\u00bb title_text_shadow_style=\u00bbpreset2&#8243; title_text_shadow_horizontal_length=\u00bb0.15em\u00bb title_text_shadow_blur_strength=\u00bb0.11em\u00bb global_colors_info=\u00bb{}\u00bb sticky_enabled=\u00bb0&#8243;][\/et_pb_heading][\/et_pb_column][\/et_pb_row][\/et_pb_section][et_pb_section fb_built=\u00bb1&#8243; _builder_version=\u00bb4.25.2&#8243; _module_preset=\u00bbdefault\u00bb background_color=\u00bbrgba(255,255,255,0.25)\u00bb global_colors_info=\u00bb{}\u00bb][et_pb_row make_equal=\u00bbon\u00bb _builder_version=\u00bb4.25.2&#8243; _module_preset=\u00bbdefault\u00bb module_alignment=\u00bbcenter\u00bb global_colors_info=\u00bb{}\u00bb][et_pb_column type=\u00bb4_4&#8243; _builder_version=\u00bb4.25.2&#8243; _module_preset=\u00bbdefault\u00bb global_colors_info=\u00bb{}\u00bb][et_pb_heading title=\u00bbNinfas de los vino\u00bb _builder_version=\u00bb4.27.4&#8243; _module_preset=\u00bbdefault\u00bb title_font=\u00bbPoppins||||||||\u00bb title_text_align=\u00bbcenter\u00bb title_font_size=\u00bb75px\u00bb title_letter_spacing=\u00bb5px\u00bb hover_enabled=\u00bb0&#8243; title_font_size_tablet=\u00bb50px\u00bb title_font_size_phone=\u00bb25px\u00bb title_font_size_last_edited=\u00bbon|tablet\u00bb title_line_height_tablet=\u00bb\u00bb title_line_height_phone=\u00bb\u00bb title_line_height_last_edited=\u00bbon|phone\u00bb title_text_shadow_style=\u00bbpreset2&#8243; title_text_shadow_horizontal_length=\u00bb0.15em\u00bb title_text_shadow_blur_strength=\u00bb0.11em\u00bb global_colors_info=\u00bb{}\u00bb sticky_enabled=\u00bb0&#8243;][\/et_pb_heading][et_pb_gallery gallery_ids=\u00bb1116,1115&#8243; posts_number=\u00bb2&#8243; orientation=\u00bbportrait\u00bb zoom_icon_color=\u00bb#8300E9&#8243; hover_overlay_color=\u00bbrgba(124,218,36,0.21)\u00bb hover_icon=\u00bb&#x54;||divi||400&#8243; _builder_version=\u00bb4.27.4&#8243; _module_preset=\u00bbdefault\u00bb module_alignment=\u00bbcenter\u00bb hover_transition_speed_curve=\u00bbease-in-out\u00bb link_option_url=\u00bbhttps:\/\/fernandoflores.com.mx\/2024-2\/pieza\/ninfa-del-vino\/\u00bb sticky_limit_top=\u00bbbody\u00bb enable_grid_motion=\u00bbon\u00bb scroll_fade_enable=\u00bbon\u00bb scroll_blur_enable=\u00bbon\u00bb motion_trigger_start=\u00bbtop\u00bb hover_enabled=\u00bb0&#8243; custom_css_gallery_item=\u00bb||width: 45%;||clear: none;\u00bb border_width_all=\u00bb0px\u00bb border_color_all=\u00bbRGBA(255,255,255,0)\u00bb global_colors_info=\u00bb{}\u00bb custom_css_gallery_item_last_edited=\u00bbon|tablet\u00bb custom_css_gallery_item_tablet=\u00bbwidth: 100%;||height: 100%;\u00bb custom_css_gallery_item_phone=\u00bbwidth: 100%;||height: 100%;\u00bb sticky_enabled=\u00bb0&#8243;][\/et_pb_gallery][et_pb_button button_url=\u00bbhttps:\/\/fernandoflores.com.mx\/2024-2\/pieza\/ninfa-del-vino\/\u00bb button_text=\u00bbExplorar\u00bb _builder_version=\u00bb4.25.2&#8243; _module_preset=\u00bbdefault\u00bb custom_button=\u00bbon\u00bb button_text_color=\u00bb#FFFFFF\u00bb button_bg_color=\u00bb#b9a25c\u00bb button_border_width=\u00bb4px\u00bb button_border_radius=\u00bb45px\u00bb button_letter_spacing=\u00bb5px\u00bb button_font=\u00bbPoppins||||||||\u00bb button_icon=\u00bb&#x49;||divi||400&#8243; custom_margin=\u00bb50px||||false|false\u00bb animation_style=\u00bbfade\u00bb button_text_size_tablet=\u00bb\u00bb button_text_size_phone=\u00bb15px\u00bb button_text_size_last_edited=\u00bbon|phone\u00bb button_text_shadow_style=\u00bbpreset2&#8243; button_text_shadow_horizontal_length=\u00bb0.12em\u00bb button_text_shadow_blur_strength=\u00bb0.16em\u00bb box_shadow_style=\u00bbpreset4&#8243; box_shadow_horizontal=\u00bb20px\u00bb global_colors_info=\u00bb{}\u00bb][\/et_pb_button][\/et_pb_column][\/et_pb_row][\/et_pb_section][et_pb_section fb_built=\u00bb1&#8243; _builder_version=\u00bb4.25.2&#8243; _module_preset=\u00bbdefault\u00bb global_colors_info=\u00bb{}\u00bb][et_pb_row make_equal=\u00bbon\u00bb _builder_version=\u00bb4.25.2&#8243; _module_preset=\u00bbdefault\u00bb module_alignment=\u00bbcenter\u00bb global_colors_info=\u00bb{}\u00bb][et_pb_column type=\u00bb4_4&#8243; _builder_version=\u00bb4.25.2&#8243; _module_preset=\u00bbdefault\u00bb global_colors_info=\u00bb{}\u00bb][et_pb_heading title=\u00bbProcesos del vino\u00bb _builder_version=\u00bb4.25.2&#8243; _module_preset=\u00bbdefault\u00bb title_font=\u00bbPoppins||||||||\u00bb title_text_align=\u00bbcenter\u00bb title_font_size=\u00bb75px\u00bb title_letter_spacing=\u00bb5px\u00bb animation_style=\u00bbfade\u00bb title_font_size_tablet=\u00bb50px\u00bb title_font_size_phone=\u00bb23px\u00bb title_font_size_last_edited=\u00bbon|phone\u00bb title_text_shadow_style=\u00bbpreset2&#8243; title_text_shadow_horizontal_length=\u00bb0.15em\u00bb title_text_shadow_blur_strength=\u00bb0.11em\u00bb global_colors_info=\u00bb{}\u00bb][\/et_pb_heading][et_pb_gallery gallery_ids=\u00bb1131,1124,757,736,740,1120,1127,125,1128,1119,1126,1129,761,760,1117,1123,122,565,1125,1121&#8243; posts_number=\u00bb20&#8243; orientation=\u00bbportrait\u00bb zoom_icon_color=\u00bb#8300E9&#8243; hover_overlay_color=\u00bbrgba(124,218,36,0.21)\u00bb hover_icon=\u00bb&#x54;||divi||400&#8243; _builder_version=\u00bb4.25.2&#8243; _module_preset=\u00bbdefault\u00bb module_alignment=\u00bbcenter\u00bb animation_style=\u00bbfade\u00bb hover_transition_delay=\u00bb50ms\u00bb hover_transition_speed_curve=\u00bblinear\u00bb link_option_url=\u00bbhttps:\/\/fernandoflores.com.mx\/2024-2\/pieza\/vid-vinya\/\u00bb enable_grid_motion=\u00bbon\u00bb scroll_fade_enable=\u00bbon\u00bb scroll_blur_enable=\u00bbon\u00bb motion_trigger_start=\u00bbtop\u00bb custom_css_gallery_item=\u00bb||width: 45%;||clear: none;\u00bb border_width_all=\u00bb0px\u00bb border_color_all=\u00bbRGBA(255,255,255,0)\u00bb global_colors_info=\u00bb{}\u00bb custom_css_gallery_item_last_edited=\u00bbon|tablet\u00bb custom_css_gallery_item_tablet=\u00bbwidth: 100%;||height: 100%;\u00bb custom_css_gallery_item_phone=\u00bbwidth: 100%;||height: 100%;\u00bb][\/et_pb_gallery][et_pb_button button_url=\u00bbhttps:\/\/fernandoflores.com.mx\/2024-2\/pieza\/vid-vinya\/\u00bb button_text=\u00bbExplorar\u00bb _builder_version=\u00bb4.25.2&#8243; _module_preset=\u00bbdefault\u00bb custom_button=\u00bbon\u00bb button_text_color=\u00bb#FFFFFF\u00bb button_bg_color=\u00bb#b9a25c\u00bb button_border_width=\u00bb4px\u00bb button_border_radius=\u00bb45px\u00bb button_letter_spacing=\u00bb5px\u00bb button_font=\u00bbPoppins||||||||\u00bb button_icon=\u00bb&#x49;||divi||400&#8243; custom_margin=\u00bb50px||||false|false\u00bb animation_style=\u00bbfade\u00bb button_text_size_tablet=\u00bb\u00bb button_text_size_phone=\u00bb15px\u00bb button_text_size_last_edited=\u00bbon|phone\u00bb button_text_shadow_style=\u00bbpreset2&#8243; button_text_shadow_horizontal_length=\u00bb0.12em\u00bb button_text_shadow_blur_strength=\u00bb0.16em\u00bb box_shadow_style=\u00bbpreset4&#8243; box_shadow_horizontal=\u00bb20px\u00bb global_colors_info=\u00bb{}\u00bb][\/et_pb_button][\/et_pb_column][\/et_pb_row][\/et_pb_section][et_pb_section fb_built=\u00bb1&#8243; _builder_version=\u00bb4.25.2&#8243; _module_preset=\u00bbdefault\u00bb global_colors_info=\u00bb{}\u00bb][et_pb_row make_equal=\u00bbon\u00bb _builder_version=\u00bb4.25.2&#8243; _module_preset=\u00bbdefault\u00bb module_alignment=\u00bbcenter\u00bb global_colors_info=\u00bb{}\u00bb][et_pb_column type=\u00bb4_4&#8243; _builder_version=\u00bb4.25.2&#8243; _module_preset=\u00bbdefault\u00bb global_colors_info=\u00bb{}\u00bb][et_pb_heading title=\u00bbYoga\u00bb _builder_version=\u00bb4.25.2&#8243; _module_preset=\u00bbdefault\u00bb title_font=\u00bbPoppins||||||||\u00bb title_text_align=\u00bbcenter\u00bb title_font_size=\u00bb75px\u00bb title_letter_spacing=\u00bb7px\u00bb animation_style=\u00bbfade\u00bb title_font_size_tablet=\u00bb50px\u00bb title_font_size_phone=\u00bb50px\u00bb title_font_size_last_edited=\u00bbon|desktop\u00bb title_text_shadow_style=\u00bbpreset2&#8243; title_text_shadow_horizontal_length=\u00bb0.15em\u00bb title_text_shadow_blur_strength=\u00bb0.11em\u00bb global_colors_info=\u00bb{}\u00bb][\/et_pb_heading][et_pb_gallery gallery_ids=\u00bb772,1134,1081,1135,1083,1086,1082,1133,1084,1085&#8243; posts_number=\u00bb20&#8243; orientation=\u00bbportrait\u00bb zoom_icon_color=\u00bb#0C71C3&#8243; hover_overlay_color=\u00bbrgba(124,218,36,0.21)\u00bb hover_icon=\u00bb&#x54;||divi||400&#8243; _builder_version=\u00bb4.25.2&#8243; _module_preset=\u00bbdefault\u00bb module_alignment=\u00bbcenter\u00bb animation_style=\u00bbfade\u00bb hover_transition_speed_curve=\u00bbease-in-out\u00bb link_option_url=\u00bbhttps:\/\/fernandoflores.com.mx\/2024-2\/pieza\/silencio\/\u00bb enable_grid_motion=\u00bbon\u00bb scroll_fade_enable=\u00bbon\u00bb scroll_fade=\u00bb0|50|50|100|0|100%|100&#8243; scroll_blur_enable=\u00bbon\u00bb custom_css_gallery_item=\u00bb||width: 45%;||clear: none;\u00bb border_width_all=\u00bb0px\u00bb border_color_all=\u00bbRGBA(255,255,255,0)\u00bb global_colors_info=\u00bb{}\u00bb custom_css_gallery_item_last_edited=\u00bbon|tablet\u00bb custom_css_gallery_item_tablet=\u00bbwidth: 100%;||height: 100%;\u00bb custom_css_gallery_item_phone=\u00bbwidth: 100%;||height: 100%;\u00bb][\/et_pb_gallery][et_pb_button button_url=\u00bbhttps:\/\/fernandoflores.com.mx\/2024-2\/pieza\/silencio\/\u00bb button_text=\u00bbExplorar\u00bb _builder_version=\u00bb4.25.2&#8243; _module_preset=\u00bbdefault\u00bb custom_button=\u00bbon\u00bb button_text_color=\u00bb#FFFFFF\u00bb button_bg_color=\u00bb#b9a25c\u00bb button_border_width=\u00bb4px\u00bb button_border_radius=\u00bb45px\u00bb button_letter_spacing=\u00bb5px\u00bb button_font=\u00bbPoppins||||||||\u00bb button_icon=\u00bb&#x49;||divi||400&#8243; custom_margin=\u00bb50px||||false|false\u00bb animation_style=\u00bbfade\u00bb button_text_size_tablet=\u00bb\u00bb button_text_size_phone=\u00bb15px\u00bb button_text_size_last_edited=\u00bbon|phone\u00bb button_text_shadow_style=\u00bbpreset2&#8243; button_text_shadow_horizontal_length=\u00bb0.12em\u00bb button_text_shadow_blur_strength=\u00bb0.16em\u00bb box_shadow_style=\u00bbpreset4&#8243; box_shadow_horizontal=\u00bb20px\u00bb global_colors_info=\u00bb{}\u00bb][\/et_pb_button][\/et_pb_column][\/et_pb_row][\/et_pb_section][et_pb_section fb_built=\u00bb1&#8243; _builder_version=\u00bb4.25.1&#8243; _module_preset=\u00bbdefault\u00bb min_height=\u00bb164.5px\u00bb global_colors_info=\u00bb{}\u00bb][et_pb_row _builder_version=\u00bb4.25.1&#8243; _module_preset=\u00bbdefault\u00bb global_colors_info=\u00bb{}\u00bb][et_pb_column type=\u00bb4_4&#8243; _builder_version=\u00bb4.25.1&#8243; _module_preset=\u00bbdefault\u00bb global_colors_info=\u00bb{}\u00bb][et_pb_heading title=\u00bbBiograf\u00eda\u00bb _builder_version=\u00bb4.25.2&#8243; _module_preset=\u00bbdefault\u00bb title_font=\u00bbPoppins||||||||\u00bb title_text_align=\u00bbcenter\u00bb title_font_size=\u00bb75px\u00bb title_letter_spacing=\u00bb7px\u00bb animation_style=\u00bbfade\u00bb title_font_size_tablet=\u00bb50px\u00bb title_font_size_phone=\u00bb50px\u00bb title_font_size_last_edited=\u00bbon|desktop\u00bb title_text_shadow_style=\u00bbpreset2&#8243; title_text_shadow_horizontal_length=\u00bb0.15em\u00bb title_text_shadow_blur_strength=\u00bb0.11em\u00bb global_colors_info=\u00bb{}\u00bb][\/et_pb_heading][\/et_pb_column][\/et_pb_row][\/et_pb_section][et_pb_section fb_built=\u00bb1&#8243; _builder_version=\u00bb4.25.1&#8243; _module_preset=\u00bbdefault\u00bb global_colors_info=\u00bb{}\u00bb][et_pb_row column_structure=\u00bb1_2,1_2&#8243; custom_padding_last_edited=\u00bboff|phone\u00bb _builder_version=\u00bb4.25.1&#8243; background_position=\u00bbbottom_center\u00bb custom_padding_tablet=\u00bb17vw||17vw||false\u00bb use_custom_width=\u00bbon\u00bb width_unit=\u00bboff\u00bb custom_width_percent=\u00bb100%\u00bb locked=\u00bboff\u00bb global_colors_info=\u00bb{}\u00bb][et_pb_column type=\u00bb1_2&#8243; _builder_version=\u00bb4.16&#8243; custom_padding=\u00bb|||\u00bb global_colors_info=\u00bb{}\u00bb custom_padding__hover=\u00bb|||\u00bb][et_pb_image src=\u00bbhttps:\/\/fernandoflores.com.mx\/2024\/wp-content\/uploads\/2020\/03\/1269132_10202692230606028_1298079958_o-1.jpg\u00bb _builder_version=\u00bb4.16&#8243; global_colors_info=\u00bb{}\u00bb][\/et_pb_image][\/et_pb_column][et_pb_column type=\u00bb1_2&#8243; _builder_version=\u00bb4.16&#8243; custom_padding=\u00bb|||\u00bb global_colors_info=\u00bb{}\u00bb custom_padding__hover=\u00bb|||\u00bb][et_pb_cta title=\u00bbPintor y dibujante\u00bb button_url=\u00bbhttps:\/\/fernandoflores.com.mx\/inicio\/biografia\/\u00bb button_text=\u00bbLeer m\u00e1s\u00bb _builder_version=\u00bb4.25.2&#8243; header_level=\u00bbh3&#8243; header_font=\u00bb|700|||||||\u00bb header_font_size=\u00bb20px\u00bb header_line_height=\u00bb1.3em\u00bb body_font=\u00bb||||||||\u00bb background_color=\u00bb#ffffff\u00bb custom_button=\u00bbon\u00bb button_text_size=\u00bb14px\u00bb button_text_color=\u00bb#000000&#8243; button_bg_color=\u00bbrgba(0,0,0,0)\u00bb button_bg_color_gradient_stops=\u00bb#ffffff 90%|#000000 100%\u00bb button_bg_color_gradient_start=\u00bb#ffffff\u00bb button_bg_color_gradient_start_position=\u00bb90%\u00bb button_bg_color_gradient_end=\u00bb#000000&#8243; button_border_width=\u00bb0px\u00bb button_border_radius=\u00bb0px\u00bb button_letter_spacing=\u00bb0px\u00bb button_font=\u00bb|700|||||||\u00bb button_custom_padding=\u00bb|0px||0px||true\u00bb transform_scale_tablet=\u00bb\u00bb transform_scale_phone=\u00bb\u00bb transform_scale_last_edited=\u00bbon|desktop\u00bb transform_translate=\u00bb-120px|40px\u00bb transform_translate_tablet=\u00bb0px|0px\u00bb transform_translate_phone=\u00bb\u00bb transform_translate_last_edited=\u00bbon|phone\u00bb transform_translate_linked=\u00bboff\u00bb transform_rotate_tablet=\u00bb\u00bb transform_rotate_phone=\u00bb\u00bb transform_rotate_last_edited=\u00bbon|desktop\u00bb transform_skew_tablet=\u00bb\u00bb transform_skew_phone=\u00bb\u00bb transform_skew_last_edited=\u00bbon|desktop\u00bb transform_origin_tablet=\u00bb\u00bb transform_origin_phone=\u00bb\u00bb transform_origin_last_edited=\u00bbon|desktop\u00bb transform_styles_last_edited=\u00bbon|phone\u00bb text_orientation=\u00bbleft\u00bb background_layout=\u00bblight\u00bb custom_margin_tablet=\u00bb||-60px|\u00bb custom_margin_last_edited=\u00bboff|tablet\u00bb header_font_size_last_edited=\u00bboff|desktop\u00bb transform_styles_tablet=\u00bb\u00bb transform_styles_phone=\u00bb\u00bb box_shadow_style=\u00bbpreset3&#8243; box_shadow_horizontal=\u00bb-70px\u00bb box_shadow_vertical=\u00bb70px\u00bb box_shadow_blur=\u00bb80px\u00bb box_shadow_spread=\u00bb0px\u00bb box_shadow_color=\u00bbrgba(67,58,122,0.1)\u00bb box_shadow_style_button=\u00bbpreset2&#8243; box_shadow_horizontal_button=\u00bb0px\u00bb box_shadow_vertical_button=\u00bb1px\u00bb box_shadow_blur_button=\u00bb0px\u00bb box_shadow_color_button=\u00bb#000000&#8243; global_colors_info=\u00bb{}\u00bb]<p style=\"text-align: justify;\">Nace en la Ciudad de M\u00e9xico, arquitecto por\u00a0la Universidad Nacional Aut\u00f3noma de M\u00e9xico.<\/p>\n<p style=\"text-align: justify;\">Realiza una experimentaci\u00f3n de t\u00e9cnicas amplia desde las tradicionales como el l\u00e1piz, el \u00f3leo, hasta la pintura digital con la que Fernando Flores es seleccionado\u00a0 en la VII Bienal Monterrey FEMSA. &#8230;<\/p>\n<p style=\"text-align: justify;\">En su trabajo podemos observar su inter\u00e9s por el devenir hist\u00f3rico y el desarrollo contempor\u00e1neo del contexto en varias dimensiones a descubrir por el espectador.<\/p>\n<p style=\"text-align: justify;\">Su dibujo y su pincelada contienen un estudio de luz y sombra que nos transporta a imagenes parab\u00f3licas del valle de Guadalupe, a momentos de trabajo de la vid, a su degustaci\u00f3n y a la historia de la regi\u00f3n y de otros paralelos del mundo.<\/p>\n<p style=\"text-align: justify;\">Una reflexi\u00f3n desde la pl\u00e1stica del acontecer a principios del siglo XXI que invita a la reflexi\u00f3n del p\u00fablico.<o:p><\/o:p><\/p>\n<p style=\"text-align: justify;\">[\/et_pb_cta][\/et_pb_column][\/et_pb_row][\/et_pb_section][et_pb_section fb_built=\u00bb1&#8243; admin_label=\u00bbFooter\u00bb _builder_version=\u00bb4.16&#8243; background_size=\u00bbinitial\u00bb background_repeat=\u00bbrepeat-y\u00bb custom_padding=\u00bb0px|||||\u00bb saved_tabs=\u00bball\u00bb locked=\u00bboff\u00bb global_colors_info=\u00bb{}\u00bb][et_pb_row column_structure=\u00bb1_4,1_4,1_4,1_4&#8243; use_custom_gutter=\u00bbon\u00bb gutter_width=\u00bb2&#8243; _builder_version=\u00bb4.16&#8243; border_width_top=\u00bb2px\u00bb global_colors_info=\u00bb{}\u00bb][et_pb_column type=\u00bb1_4&#8243; _builder_version=\u00bb4.17.4&#8243; _module_preset=\u00bbdefault\u00bb global_colors_info=\u00bb{}\u00bb][et_pb_text _builder_version=\u00bb4.17.4&#8243; text_font=\u00bb||||||||\u00bb text_font_size=\u00bb12px\u00bb text_line_height=\u00bb2em\u00bb link_font=\u00bb||||on||||\u00bb link_text_color=\u00bb#666666&#8243; header_font=\u00bb||||||||\u00bb header_text_align=\u00bbleft\u00bb header_2_font=\u00bb||||||||\u00bb header_3_font=\u00bb|700||on|||||\u00bb header_3_font_size=\u00bb12px\u00bb header_3_letter_spacing=\u00bb5px\u00bb header_3_line_height=\u00bb1.8em\u00bb max_width_tablet=\u00bb70%\u00bb max_width_last_edited=\u00bboff|phone\u00bb header_3_font_size_tablet=\u00bb\u00bb header_3_font_size_phone=\u00bb\u00bb header_3_font_size_last_edited=\u00bbon|desktop\u00bb locked=\u00bboff\u00bb global_colors_info=\u00bb{}\u00bb]<h3>Adquirir en :<\/h3>[\/et_pb_text][et_pb_text _builder_version=\u00bb4.27.2&#8243; _module_preset=\u00bbdefault\u00bb link_option_url=\u00bbhttps:\/\/baleazulart.com\/gallery\/fernando-flores\/\u00bb link_option_url_new_window=\u00bbon\u00bb global_colors_info=\u00bb{}\u00bb]<h2>Gallery Art BA<\/h2>[\/et_pb_text][\/et_pb_column][et_pb_column type=\u00bb1_4&#8243; _builder_version=\u00bb4.16&#8243; custom_padding=\u00bb|||\u00bb global_colors_info=\u00bb{}\u00bb custom_padding__hover=\u00bb|||\u00bb][et_pb_button _builder_version=\u00bb4.16&#8243; custom_button=\u00bbon\u00bb button_text_size=\u00bb14px\u00bb button_text_color=\u00bb#000000&#8243; button_bg_color=\u00bbrgba(0,0,0,0)\u00bb button_border_width=\u00bb0px\u00bb button_border_radius=\u00bb0px\u00bb button_font=\u00bb|700|||||||\u00bb custom_margin_tablet=\u00bb0px|0px||\u00bb custom_margin_phone=\u00bb|0px||\u00bb custom_margin_last_edited=\u00bboff|desktop\u00bb custom_padding=\u00bb6px|0px|6px|0px|true|true\u00bb box_shadow_style=\u00bbpreset4&#8243; box_shadow_horizontal=\u00bb0px\u00bb box_shadow_vertical=\u00bb1px\u00bb box_shadow_color=\u00bb#000000&#8243; locked=\u00bboff\u00bb global_colors_info=\u00bb{}\u00bb][\/et_pb_button][\/et_pb_column][et_pb_column type=\u00bb1_4&#8243; _builder_version=\u00bb4.16&#8243; custom_padding=\u00bb|||\u00bb global_colors_info=\u00bb{}\u00bb custom_padding__hover=\u00bb|||\u00bb][et_pb_text _builder_version=\u00bb4.16&#8243; text_font=\u00bb||||||||\u00bb text_font_size=\u00bb12px\u00bb text_line_height=\u00bb2em\u00bb link_font=\u00bb||||on||||\u00bb link_text_color=\u00bb#666666&#8243; header_font=\u00bb||||||||\u00bb header_text_align=\u00bbleft\u00bb header_2_font=\u00bb||||||||\u00bb header_3_font=\u00bb|700||on|||||\u00bb header_3_font_size=\u00bb12px\u00bb header_3_letter_spacing=\u00bb5px\u00bb header_3_line_height=\u00bb1.8em\u00bb max_width_tablet=\u00bb70%\u00bb max_width_last_edited=\u00bboff|phone\u00bb header_3_font_size_tablet=\u00bb\u00bb header_3_font_size_phone=\u00bb\u00bb header_3_font_size_last_edited=\u00bbon|desktop\u00bb locked=\u00bboff\u00bb global_colors_info=\u00bb{}\u00bb]<h3>Seguir<\/h3>[\/et_pb_text][et_pb_social_media_follow _builder_version=\u00bb4.27.2&#8243; custom_margin=\u00bb-20px|||-10px\u00bb custom_margin_tablet=\u00bb\u00bb custom_margin_phone=\u00bb-20px||\u00bb custom_margin_last_edited=\u00bbon|desktop\u00bb filter_invert=\u00bb100%\u00bb locked=\u00bboff\u00bb global_colors_info=\u00bb{}\u00bb icon_color__hover=\u00bb#e02b20&#8243;][et_pb_social_media_follow_network social_network=\u00bbfacebook\u00bb url=\u00bbhttps:\/\/www.facebook.com\/pg\/FernandoFloresPintor\u00bb _builder_version=\u00bb4.16&#8243; global_colors_info=\u00bb{}\u00bb follow_button=\u00bboff\u00bb url_new_window=\u00bbon\u00bb]facebook[\/et_pb_social_media_follow_network][et_pb_social_media_follow_network social_network=\u00bbinstagram\u00bb url=\u00bbhttps:\/\/www.instagram.com\/fernandofloresart\/\u00bb _builder_version=\u00bb4.25.1&#8243; background_color=\u00bbRGBA(255,255,255,0)\u00bb background_enable_color=\u00bbon\u00bb global_colors_info=\u00bb{}\u00bb follow_button=\u00bboff\u00bb url_new_window=\u00bbon\u00bb]instagram[\/et_pb_social_media_follow_network][et_pb_social_media_follow_network social_network=\u00bbtiktok\u00bb url=\u00bbhttps:\/\/www.tiktok.com\/@fernandofloresart?lang=es\u00bb _builder_version=\u00bb4.27.2&#8243; _module_preset=\u00bbdefault\u00bb background_color=\u00bbRGBA(255,255,255,0)\u00bb background_enable_color=\u00bbon\u00bb global_colors_info=\u00bb{}\u00bb follow_button=\u00bboff\u00bb url_new_window=\u00bbon\u00bb]tiktok[\/et_pb_social_media_follow_network][\/et_pb_social_media_follow][\/et_pb_column][et_pb_column type=\u00bb1_4&#8243; _builder_version=\u00bb4.16&#8243; custom_padding=\u00bb|||\u00bb global_colors_info=\u00bb{}\u00bb custom_padding__hover=\u00bb|||\u00bb][et_pb_text _builder_version=\u00bb4.16&#8243; text_font=\u00bb||||||||\u00bb text_font_size=\u00bb12px\u00bb text_line_height=\u00bb2em\u00bb link_font=\u00bb||||on||||\u00bb link_text_color=\u00bb#666666&#8243; header_font=\u00bb||||||||\u00bb header_text_align=\u00bbleft\u00bb header_2_font=\u00bb||||||||\u00bb header_3_font=\u00bb|700||on|||||\u00bb header_3_font_size=\u00bb12px\u00bb header_3_letter_spacing=\u00bb5px\u00bb header_3_line_height=\u00bb1.8em\u00bb max_width_tablet=\u00bb70%\u00bb max_width_last_edited=\u00bboff|phone\u00bb header_3_font_size_tablet=\u00bb\u00bb header_3_font_size_phone=\u00bb\u00bb header_3_font_size_last_edited=\u00bbon|desktop\u00bb locked=\u00bboff\u00bb global_colors_info=\u00bb{}\u00bb]<h3>Contacto<\/h3>[\/et_pb_text][et_pb_text _builder_version=\u00bb4.16&#8243; global_colors_info=\u00bb{}\u00bb]<a href=\"mailto:info@fernandoflores.com.mx?Subject= Dudas de la obra de Fernando Flores\">Contactar por correo<\/a>[\/et_pb_text][\/et_pb_column][\/et_pb_row][\/et_pb_section]\n","protected":false},"excerpt":{"rendered":"<p>FERNANDO FLORES PINTORNace en la Ciudad de M\u00e9xico, arquitecto por\u00a0la Universidad Nacional Aut\u00f3noma de M\u00e9xico. Realiza una experimentaci\u00f3n de t\u00e9cnicas amplia desde las tradicionales como el l\u00e1piz, el \u00f3leo, hasta la pintura digital con la que Fernando Flores es seleccionado\u00a0 en la VII Bienal Monterrey FEMSA. &#8230; En su trabajo podemos observar su inter\u00e9s por [&hellip;]<\/p>\n","protected":false},"author":1,"featured_media":125,"parent":0,"menu_order":0,"comment_status":"closed","ping_status":"closed","template":"","meta":{"_et_pb_use_builder":"on","_et_pb_old_content":"","_et_gb_content_width":"","_monsterinsights_skip_tracking":false,"_monsterinsights_sitenote_active":false,"_monsterinsights_sitenote_note":"","_monsterinsights_sitenote_category":0,"footnotes":""},"class_list":["post-6","page","type-page","status-publish","has-post-thumbnail","hentry"],"jetpack-related-posts":[],"jetpack_sharing_enabled":true,"_links":{"self":[{"href":"https:\/\/fernandoflores.com.mx\/inicio\/wp-json\/wp\/v2\/pages\/6","targetHints":{"allow":["GET"]}}],"collection":[{"href":"https:\/\/fernandoflores.com.mx\/inicio\/wp-json\/wp\/v2\/pages"}],"about":[{"href":"https:\/\/fernandoflores.com.mx\/inicio\/wp-json\/wp\/v2\/types\/page"}],"author":[{"embeddable":true,"href":"https:\/\/fernandoflores.com.mx\/inicio\/wp-json\/wp\/v2\/users\/1"}],"replies":[{"embeddable":true,"href":"https:\/\/fernandoflores.com.mx\/inicio\/wp-json\/wp\/v2\/comments?post=6"}],"version-history":[{"count":58,"href":"https:\/\/fernandoflores.com.mx\/inicio\/wp-json\/wp\/v2\/pages\/6\/revisions"}],"predecessor-version":[{"id":1261,"href":"https:\/\/fernandoflores.com.mx\/inicio\/wp-json\/wp\/v2\/pages\/6\/revisions\/1261"}],"wp:featuredmedia":[{"embeddable":true,"href":"https:\/\/fernandoflores.com.mx\/inicio\/wp-json\/wp\/v2\/media\/125"}],"wp:attachment":[{"href":"https:\/\/fernandoflores.com.mx\/inicio\/wp-json\/wp\/v2\/media?parent=6"}],"curies":[{"name":"wp","href":"https:\/\/api.w.org\/{rel}","templated":true}]}}