{"id":78,"date":"2025-03-21T01:21:09","date_gmt":"2025-03-21T01:21:09","guid":{"rendered":"https:\/\/fernandoflores.com.mx\/cursos\/?page_id=78"},"modified":"2026-01-08T00:57:28","modified_gmt":"2026-01-08T00:57:28","slug":"2025arte","status":"publish","type":"page","link":"https:\/\/fernandoflores.com.mx\/cursos\/","title":{"rendered":""},"content":{"rendered":"<p>[et_pb_section fb_built=\u00bb1&#8243; _builder_version=\u00bb4.27.4&#8243; _module_preset=\u00bbdefault\u00bb global_colors_info=\u00bb{}\u00bb][et_pb_row _builder_version=\u00bb4.27.4&#8243; _module_preset=\u00bbdefault\u00bb global_colors_info=\u00bb{}\u00bb][et_pb_column type=\u00bb4_4&#8243; _builder_version=\u00bb4.27.4&#8243; _module_preset=\u00bbdefault\u00bb global_colors_info=\u00bb{}\u00bb][et_pb_text _builder_version=\u00bb4.27.4&#8243; _module_preset=\u00bbdefault\u00bb text_font=\u00bb&#8211;et_global_body_font|700|||||||\u00bb header_font=\u00bbTai Heritage Pro|700|||||||\u00bb header_font_size=\u00bb78px\u00bb header_letter_spacing=\u00bb13px\u00bb header_2_font=\u00bb&#8211;et_global_body_font||||||||\u00bb background_color=\u00bb#FFFFFF\u00bb background_enable_image=\u00bboff\u00bb background_position=\u00bbtop_right\u00bb background_horizontal_offset=\u00bb0%\u00bb text_font_size_tablet=\u00bb\u00bb text_font_size_phone=\u00bb\u00bb text_font_size_last_edited=\u00bbon|phone\u00bb header_font_size_tablet=\u00bb50px\u00bb header_font_size_phone=\u00bb25px\u00bb header_font_size_last_edited=\u00bbon|phone\u00bb header_text_shadow_style=\u00bbpreset2&#8243; global_colors_info=\u00bb{}\u00bb]<\/p>\n<h1 style=\"text-align: center;\"><strong>Curso <\/strong><strong>de <\/strong><\/h1>\n<h1 style=\"text-align: center;\"><strong>Dibujo\u00a0<\/strong><\/h1>\n<h2><strong>con Fernando Flores<\/strong><\/h2>\n<p><strong>\u200b<\/strong><\/p>\n<p>Mejora tu t\u00e9cnica, desbloquea tu creatividad y lleva tu arte al siguiente nivel con un m\u00e9todo f\u00e1cil, pr\u00e1ctico y estructurado de <strong>educaci\u00f3n art\u00edstica.<\/strong><\/p>\n<p>[\/et_pb_text][et_pb_cta title=\u00bbMejora tu dibujo y pintura\u00a0\u00bb button_url=\u00bbhttps:\/\/fernandoflores.com.mx\/cursos\/producto\/educacion-artistica-2\/\u00bb button_text=\u00bbInscribirme\u00bb _builder_version=\u00bb4.27.4&#8243; _module_preset=\u00bbdefault\u00bb background_color=\u00bb#d09834&#8243; custom_button=\u00bbon\u00bb button_text_color=\u00bb#FFFFFF\u00bb button_bg_color=\u00bb#E02B20&#8243; button_border_color=\u00bb#E02B20&#8243; button_border_radius=\u00bb57px\u00bb button_icon=\u00bb&#xf1fc;||fa||900&#8243; button_icon_color=\u00bb#0C71C3&#8243; global_colors_info=\u00bb{}\u00bb]<\/p>\n<p>Desbloquea tu creatividad<\/p>\n<p>[\/et_pb_cta][\/et_pb_column][\/et_pb_row][et_pb_row column_structure=\u00bb1_2,1_2&#8243; _builder_version=\u00bb4.27.4&#8243; _module_preset=\u00bbdefault\u00bb global_colors_info=\u00bb{}\u00bb][et_pb_column type=\u00bb1_2&#8243; _builder_version=\u00bb4.27.4&#8243; _module_preset=\u00bbdefault\u00bb global_colors_info=\u00bb{}\u00bb][et_pb_text ul_type=\u00bbsquare\u00bb ul_item_indent=\u00bb36px\u00bb ul_item_indent_tablet=\u00bb36px\u00bb ul_item_indent_phone=\u00bb36px\u00bb ul_item_indent_last_edited=\u00bbon|desktop\u00bb _builder_version=\u00bb4.27.4&#8243; _module_preset=\u00bbdefault\u00bb ul_font=\u00bb&#8211;et_global_body_font||||||||\u00bb ul_text_color=\u00bb#E02B20&#8243; global_colors_info=\u00bb{}\u00bb]<\/p>\n<h3><strong>\u00bfPor qu\u00e9 este curso de dibujo es para ti?<\/strong><\/h3>\n<p><span style=\"color: #000000;\"><em>\u00ab\u00bfAlguna vez has querido dibujar pero sientes que te falta t\u00e9cnica? \u00bfO quiz\u00e1s has tomado cursos pero a\u00fan no logras la fluidez que deseas? No te preocupes, todos hemos estado ah\u00ed. Este curso est\u00e1 dise\u00f1ado para ayudarte a desbloquear tu creatividad y mejorar tu t\u00e9cnica sin frustraciones.\u00bb<\/em><\/span><\/p>\n<p><span style=\"color: #000000;\">Ya sea que est\u00e9s comenzando o quieras perfeccionar tu trazo, aprender\u00e1s t\u00e9cnicas de grafito, l\u00e1piz de color, plum\u00f3n y acuarela, mientras dominas las bases esenciales para lograr mayor fluidez en tus dibujos.<\/span><\/p>\n<p><span style=\"color: #000000;\"><span style=\"color: #ff0000;\"><strong>X<\/strong><\/span><strong> Evita estos errores comunes:<\/strong><\/span><\/p>\n<ul>\n<li><span style=\"color: #000000;\">\u00a0Querer mejorar sin conocer las bases esenciales.<\/span><\/li>\n<li><span style=\"color: #000000;\">Frustrarte porque tu dibujo no se ve como esperabas<\/span><\/li>\n<li><span style=\"color: #000000;\">No saber qu\u00e9 t\u00e9cnica utilizar para cada tipo de dibujo.<\/span><\/li>\n<li><span style=\"color: #000000;\">Sentirte estancado sin avanzar en tu estilo.<\/span><\/li>\n<\/ul>\n<p><span style=\"color: #000000;\"><strong>Este curso te ayudar\u00e1 a corregir estos errores y hacer que tu arte fluya con m\u00e1s confianza.<\/strong><\/span><\/p>\n<p>[\/et_pb_text][et_pb_image src=\u00bbhttps:\/\/fernandoflores.com.mx\/cursos\/wp-content\/uploads\/2025\/04\/Calle-ashurado-2025.webp\u00bb title_text=\u00bbCalle ashurado 2025&#8243; _builder_version=\u00bb4.27.4&#8243; _module_preset=\u00bbdefault\u00bb global_colors_info=\u00bb{}\u00bb][\/et_pb_image][\/et_pb_column][et_pb_column type=\u00bb1_2&#8243; _builder_version=\u00bb4.27.4&#8243; _module_preset=\u00bbdefault\u00bb global_colors_info=\u00bb{}\u00bb][et_pb_text ul_type=\u00bbsquare\u00bb ul_item_indent=\u00bb36px\u00bb ul_item_indent_tablet=\u00bb36px\u00bb ul_item_indent_phone=\u00bb36px\u00bb ul_item_indent_last_edited=\u00bbon|desktop\u00bb _builder_version=\u00bb4.27.4&#8243; _module_preset=\u00bbdefault\u00bb ul_font=\u00bb&#8211;et_global_body_font||||||||\u00bb ul_text_color=\u00bb#E02B20&#8243; global_colors_info=\u00bb{}\u00bb]<\/p>\n<p><strong>No es para ti si:<\/strong><br \/><span style=\"color: #000000;\"><span style=\"color: #ff0000;\"><strong>X <\/strong><\/span><\/span>No est\u00e1s dispuesto a practicar y experimentar con nuevas t\u00e9cnicas.<br \/><span style=\"color: #000000;\"><span style=\"color: #ff0000;\"><strong>X\u00a0<\/strong><\/span><\/span> Crees que mejorar en el dibujo es solo cuesti\u00f3n de talento y no de aprendizaje.<\/p>\n<p><strong>Este curso est\u00e1 dise\u00f1ado para guiarte paso a paso, desde los primeros trazos hasta ilustraciones m\u00e1s avanzadas.<\/strong><\/p>\n<p>[\/et_pb_text][et_pb_image src=\u00bbhttps:\/\/fernandoflores.com.mx\/cursos\/wp-content\/uploads\/2025\/04\/gato-plumon-2025.webp\u00bb title_text=\u00bbgato plumon 2025&#8243; _builder_version=\u00bb4.27.4&#8243; _module_preset=\u00bbdefault\u00bb global_colors_info=\u00bb{}\u00bb][\/et_pb_image][\/et_pb_column][\/et_pb_row][\/et_pb_section][et_pb_section fb_built=\u00bb1&#8243; _builder_version=\u00bb4.27.4&#8243; _module_preset=\u00bbdefault\u00bb global_colors_info=\u00bb{}\u00bb][et_pb_row column_structure=\u00bb1_3,2_3&#8243; _builder_version=\u00bb4.27.4&#8243; _module_preset=\u00bbdefault\u00bb global_colors_info=\u00bb{}\u00bb][et_pb_column type=\u00bb1_3&#8243; _builder_version=\u00bb4.27.4&#8243; _module_preset=\u00bbdefault\u00bb global_colors_info=\u00bb{}\u00bb][et_pb_text _builder_version=\u00bb4.27.4&#8243; _module_preset=\u00bbdefault\u00bb global_colors_info=\u00bb{}\u00bb]<\/p>\n<h3 style=\"text-align: justify;\"><strong>Sobre: Fernando Flores<\/strong><\/h3>\n<p style=\"text-align: justify;\">Fernando Flores es un artista con una amplia trayectoria, con exposiciones y publicaciones en diversas ciudades como Miami, Los \u00c1ngeles, San Francisco, Nueva York, Berl\u00edn, Londres y Ciudad de M\u00e9xico. Ilustrado m\u00e1s de 4 libros, publicados por ed. S XXI,\u00a0 Secretar\u00eda de cultura de B.C. Ha trabajado con diversas t\u00e9cnicas y ha desarrollado un m\u00e9todo de ense\u00f1anza que simplifica el proceso de aprendizaje, ayud\u00e1ndote a mejorar sin importar tu nivel.<\/p>\n<p>[\/et_pb_text][\/et_pb_column][et_pb_column type=\u00bb2_3&#8243; _builder_version=\u00bb4.27.4&#8243; _module_preset=\u00bbdefault\u00bb global_colors_info=\u00bb{}\u00bb][et_pb_video src=\u00bbhttps:\/\/youtu.be\/oIOwwxO4XTc?si=D0XqVK1pPrkdQknj\u00bb image_src=\u00bbhttps:\/\/fernandoflores.com.mx\/cursos\/wp-content\/uploads\/2025\/04\/Retro-Vintage-Black-The-End-Animation-Video-3.png\u00bb _builder_version=\u00bb4.27.4&#8243; _module_preset=\u00bbdefault\u00bb global_colors_info=\u00bb{}\u00bb][\/et_pb_video][\/et_pb_column][\/et_pb_row][\/et_pb_section][et_pb_section fb_built=\u00bb1&#8243; _builder_version=\u00bb4.27.4&#8243; _module_preset=\u00bbdefault\u00bb global_colors_info=\u00bb{}\u00bb][et_pb_row column_structure=\u00bb3_5,2_5&#8243; _builder_version=\u00bb4.27.4&#8243; _module_preset=\u00bbdefault\u00bb global_colors_info=\u00bb{}\u00bb][et_pb_column type=\u00bb3_5&#8243; _builder_version=\u00bb4.27.4&#8243; _module_preset=\u00bbdefault\u00bb global_colors_info=\u00bb{}\u00bb][et_pb_text ul_type=\u00bbsquare\u00bb ul_item_indent=\u00bb33px\u00bb ol_type=\u00bbhebrew\u00bb _builder_version=\u00bb4.27.4&#8243; _module_preset=\u00bbdefault\u00bb ul_text_color=\u00bb#7CDA24&#8243; ol_text_color=\u00bb#000000&#8243; global_colors_info=\u00bb{}\u00bb]<\/p>\n<h3><span style=\"color: #000000;\"><strong>\u00bfQu\u00e9 aprender\u00e1s en este curso?<\/strong><\/span><\/h3>\n<p><span style=\"color: #000000;\">El curso est\u00e1 estructurado en <strong>4 m\u00f3dulos progresivos<\/strong>, asegurando que mejores tu t\u00e9cnica a cada paso.<\/span><\/p>\n<p><span style=\"color: #000000;\"><strong>Duraci\u00f3n: 8-12 semanas (seg\u00fan tu ritmo)<\/strong><\/span><\/p>\n<p><span style=\"color: #000000;\"><strong>Modalidad:<\/strong> Curso de dibujo Online<\/span><\/p>\n<p>[\/et_pb_text][et_pb_accordion open_toggle_text_color=\u00bb#000000&#8243; closed_toggle_background_color=\u00bb#a8b07b\u00bb toggle_icon=\u00bb&#x4c;||divi||400&#8243; _builder_version=\u00bb4.27.4&#8243; _module_preset=\u00bbdefault\u00bb toggle_text_color=\u00bb#000000&#8243; global_colors_info=\u00bb{}\u00bb][et_pb_accordion_item title=\u00bbTemario Completo\u00bb open=\u00bbon\u00bb _builder_version=\u00bb4.27.4&#8243; _module_preset=\u00bbdefault\u00bb global_colors_info=\u00bb{}\u00bb]<\/p>\n<p>Despliega Cada M\u00f3dulo<\/p>\n<p>[\/et_pb_accordion_item][et_pb_accordion_item title=\u00bbM\u00f3dulo 1: Fundamentos del Dibujo\u00bb _builder_version=\u00bb4.27.4&#8243; _module_preset=\u00bbdefault\u00bb global_colors_info=\u00bb{}\u00bb open=\u00bboff\u00bb]<\/p>\n<p><strong>CLASE 1 \u2013 Materiales y herramientas<\/strong><\/p>\n<p><span style=\"font-weight: 400;\">\u00bf Con qu\u00e9 puedo dibujar?<\/span><\/p>\n<ul>\n<li><span style=\"font-weight: 400;\"><\/span><span style=\"font-weight: 400;\">El l\u00e1piz.<\/span><\/li>\n<li><span style=\"font-weight: 400;\"><\/span><span style=\"font-weight: 400;\">Tipos de l\u00e1pices y sus usos (HB, 2B, 4B, etc.)<\/span><\/li>\n<li><span style=\"font-weight: 400;\"><\/span><span style=\"font-weight: 400;\">Plum\u00f3n de punta fina.<\/span><\/li>\n<li><span style=\"font-weight: 400;\"><\/span><span style=\"font-weight: 400;\">Pluma o bol\u00edgrafo.<\/span><\/li>\n<li><span style=\"font-weight: 400;\"><\/span><span style=\"font-weight: 400;\">L\u00e1piz de cera o colores.<\/span><\/li>\n<li><span style=\"font-weight: 400;\"><\/span><span style=\"font-weight: 400;\">Plumones tipo pincel<\/span><\/li>\n<li><span style=\"font-weight: 400;\"><\/span><span style=\"font-weight: 400;\">El carb\u00f3n o carboncillo.<\/span><span style=\"font-weight: 400;\"><\/span><\/li>\n<li><span style=\"font-weight: 400;\"><\/span>\u00a0 Uso de la mesa de dibujo y postura correcta-<\/li>\n<li>Conceptos b\u00e1sicos de l\u00ednea y trazo.<\/li>\n<\/ul>\n<ul>\n<li>Tipos de l\u00edneas (rectas, curvas, quebradas, etc.)<\/li>\n<li>\u00a0Ejercicios de control del trazo<\/li>\n<li>\u00a0T\u00e9cnicas de sombreado con l\u00edneas (achurado y esfumado)<\/li>\n<\/ul>\n<p><strong>CLASE 2 \u2013 <\/strong>Figuras geom\u00e9tricas y formas b\u00e1sicas<\/p>\n<p><strong><\/strong><\/p>\n<ul>\n<li>\u00a0Dibujo de cubos, esferas, cilindros y conos.<\/li>\n<li>\u00a0Perspectiva b\u00e1sica de las formas.<\/li>\n<li>\u00a0 Construcci\u00f3n de objetos a partir de figuras geom\u00e9tricas.<\/li>\n<li>.El croquis o sketch.<\/li>\n<li>.\u00bfQu\u00e9 es la caricatura?<\/li>\n<li>Croquis o caricatura con plumones.<\/li>\n<\/ul>\n<p><strong>CLASE 3 \u2013 Perspectiva y profundidad<\/strong><\/p>\n<ul>\n<li>Perspectiva de 1, 2 y 3 puntos de fuga<\/li>\n<li>Aplicaci\u00f3n en paisajes y objetos<\/li>\n<\/ul>\n<p><strong>CLASE 4 \u2013 Luz y sombra<\/strong><\/p>\n<ul>\n<li>Tipos de iluminaci\u00f3n y degradados<\/li>\n<\/ul>\n<ul>\n<li>Aplicaci\u00f3n de sombras proyectadas y propias<\/li>\n<li>T\u00e9cnicas de achurado, difuminado y degradado<\/li>\n<\/ul>\n<ul>\n<li style=\"list-style-type: none;\">\n<ul><\/ul>\n<\/li>\n<\/ul>\n<p>[\/et_pb_accordion_item][et_pb_accordion_item title=\u00bbM\u00f3dulo 2: Dibujo de Objetos y Entornos\u00bb _builder_version=\u00bb4.27.4&#8243; _module_preset=\u00bbdefault\u00bb global_colors_info=\u00bb{}\u00bb open=\u00bboff\u00bb]<\/p>\n<p><strong>CLASE 5 \u2013 Dibujo de objetos cotidianos<\/strong><\/p>\n<ul>\n<li>\u00a0Observaci\u00f3n y an\u00e1lisis de formas.<\/li>\n<li>\u00a0Representaci\u00f3n realista mediante texturas.<\/li>\n<li>Creaci\u00f3n de volumen con luz y sombra.<\/li>\n<li>Dibujo de cacharros al natural, lamina o ejercicio con carb\u00f3n.<\/li>\n<\/ul>\n<p><strong>CLASE 6 \u2013 Introducci\u00f3n a la textura y detalle<\/strong><\/p>\n<ul>\n<li>Representaci\u00f3n de Materiales: madera, metal, tela.<\/li>\n<li>T\u00e9cnicas para crear detalles realistas.<\/li>\n<li>Uso de contraste para mejorar la calidad del dibujo.<\/li>\n<li>Dibujo de un robot con texturas. Plum\u00f3n punto fino.<\/li>\n<\/ul>\n<p><strong>CLASE 7 \u2013 Paisajes y entornos b\u00e1sicos<\/strong><\/p>\n<ul>\n<li>Composici\u00f3n y estructura del paisaje.<\/li>\n<li>Elementos naturales (\u00e1rboles, monta\u00f1as, agua).<\/li>\n<li>Representaci\u00f3n de la atm\u00f3sfera y perspectiva a\u00e9rea croquis y acuarela de \u00e1reas verdes.<\/li>\n<\/ul>\n<ul><\/ul>\n<p>[\/et_pb_accordion_item][et_pb_accordion_item title=\u00bbM\u00f3dulo 3: Dibujo de la Figura Humana\u00bb _builder_version=\u00bb4.27.4&#8243; _module_preset=\u00bbdefault\u00bb global_colors_info=\u00bb{}\u00bb open=\u00bboff\u00bb]<\/p>\n<p><strong>CLASE 8 \u2013 Anatom\u00eda b\u00e1sica y proporciones<\/strong><\/p>\n<ul>\n<li>Estudio de las proporciones del cuerpo humano.<\/li>\n<li>Simplificaci\u00f3n del cuerpo en formas geom\u00e9tricas.<\/li>\n<li>Dibujo de poses b\u00e1sicas y din\u00e1micas.<\/li>\n<\/ul>\n<p>[\/et_pb_accordion_item][et_pb_accordion_item title=\u00bbM\u00d3DULO 4: USO DE TINTAS Y OTROS MEDIOS\u00bb _builder_version=\u00bb4.27.4&#8243; _module_preset=\u00bbdefault\u00bb global_colors_info=\u00bb{}\u00bb open=\u00bboff\u00bb]<\/p>\n<p><strong>CLASE 9 \u2013 Introducci\u00f3n a la tinta y otros medios<\/strong><\/p>\n<ul>\n<li>T\u00e9cnicas de entintado.<\/li>\n<li>\u00a0Uso de carboncillo, l\u00e1pices de colores y acuarela.<\/li>\n<li>\u00a0Exploraci\u00f3n de estilos art\u00edsticos.<\/li>\n<li>Creaci\u00f3n de ilustraciones originales.<\/li>\n<\/ul>\n<p><strong>CLASE 10 \u2013 La acuarela<\/strong><\/p>\n<ul>\n<li>Pintura de una acuarela<\/li>\n<\/ul>\n<p><strong>CLASE 11 \u2013 Croquis urbano, t\u00e9cnicas mixtas<\/strong><\/p>\n<p><strong>CLASE 12 \u2013 Bodeg\u00f3n al carb\u00f3n<\/strong><\/p>\n<p>[\/et_pb_accordion_item][\/et_pb_accordion][\/et_pb_column][et_pb_column type=\u00bb2_5&#8243; _builder_version=\u00bb4.27.4&#8243; _module_preset=\u00bbdefault\u00bb global_colors_info=\u00bb{}\u00bb][et_pb_image src=\u00bbhttps:\/\/fernandoflores.com.mx\/cursos\/wp-content\/uploads\/2025\/04\/caballito-de-mar-plumon-2025.webp\u00bb title_text=\u00bbcaballito de mar plumon 2025&#8243; _builder_version=\u00bb4.27.4&#8243; _module_preset=\u00bbdefault\u00bb global_colors_info=\u00bb{}\u00bb][\/et_pb_image][et_pb_button button_url=\u00bbhttps:\/\/fernandoflores.com.mx\/cursos\/producto\/educacion-artistica-2\/\u00bb button_text=\u00bbInscribirme\u00bb button_alignment=\u00bbcenter\u00bb _builder_version=\u00bb4.27.4&#8243; _module_preset=\u00bbdefault\u00bb custom_button=\u00bbon\u00bb button_text_color=\u00bb#000000&#8243; button_bg_color=\u00bb#7CDA24&#8243; button_border_width=\u00bb3px\u00bb button_border_color=\u00bb#7CDA24&#8243; button_border_radius=\u00bb23px\u00bb button_icon=\u00bb&#xf1fc;||fa||900&#8243; button_icon_color=\u00bb#0C71C3&#8243; button_text_size_tablet=\u00bb\u00bb button_text_size_phone=\u00bb12px\u00bb button_text_size_last_edited=\u00bbon|phone\u00bb global_colors_info=\u00bb{}\u00bb][\/et_pb_button][\/et_pb_column][\/et_pb_row][\/et_pb_section][et_pb_section fb_built=\u00bb1&#8243; _builder_version=\u00bb4.27.4&#8243; _module_preset=\u00bbdefault\u00bb global_colors_info=\u00bb{}\u00bb][et_pb_row column_structure=\u00bb1_3,2_3&#8243; _builder_version=\u00bb4.27.4&#8243; _module_preset=\u00bbdefault\u00bb global_colors_info=\u00bb{}\u00bb][et_pb_column type=\u00bb1_3&#8243; _builder_version=\u00bb4.27.4&#8243; _module_preset=\u00bbdefault\u00bb global_colors_info=\u00bb{}\u00bb][et_pb_image src=\u00bbhttps:\/\/fernandoflores.com.mx\/cursos\/wp-content\/uploads\/2025\/04\/Gato-con-gorro-2025.webp\u00bb title_text=\u00bbGato con gorro 2025&#8243; _builder_version=\u00bb4.27.4&#8243; _module_preset=\u00bbdefault\u00bb global_colors_info=\u00bb{}\u00bb][\/et_pb_image][\/et_pb_column][et_pb_column type=\u00bb2_3&#8243; _builder_version=\u00bb4.27.4&#8243; _module_preset=\u00bbdefault\u00bb global_colors_info=\u00bb{}\u00bb][et_pb_text _builder_version=\u00bb4.27.4&#8243; _module_preset=\u00bbdefault\u00bb ul_text_color=\u00bb#7CDA24&#8243; global_colors_info=\u00bb{}\u00bb]<\/p>\n<h3><span style=\"color: #000000;\"><strong>Beneficios del Curso<\/strong><\/span><\/h3>\n<ul>\n<li><span style=\"color: #000000;\"><strong>Acceso a clases grabadas<\/strong> \u2013 Aprende a tu ritmo.<\/span><\/li>\n<li><span style=\"color: #000000;\"><strong>Sesiones en vivo<\/strong> \u2013 Para resolver dudas en tiempo real. <strong>\u00a0semanalmente<\/strong>.<\/span><\/li>\n<li><span style=\"color: #000000;\"><strong>Ejercicios guiados<\/strong> \u2013 Mejora tu t\u00e9cnica con pr\u00e1ctica constante.<\/span><\/li>\n<li><span style=\"color: #000000;\"><strong>Comunidad exclusiva<\/strong> \u2013 Comparte tu avance con otros alumnos.<\/span><\/li>\n<\/ul>\n<p>[\/et_pb_text][et_pb_testimonial _builder_version=\u00bb4.27.4&#8243; _module_preset=\u00bbdefault\u00bb body_text_color=\u00bb#000000&#8243; background_color=\u00bbrgba(224,153,0,0.59)\u00bb global_colors_info=\u00bb{}\u00bb]<\/p>\n<p style=\"text-align: center;\"><span>Puedes\u00a0<\/span><strong>agendar tu sesi\u00f3n en vivo semanalmente<\/strong><span>.<\/span><\/p>\n<p>[\/et_pb_testimonial][\/et_pb_column][\/et_pb_row][\/et_pb_section][et_pb_section fb_built=\u00bb1&#8243; _builder_version=\u00bb4.27.4&#8243; _module_preset=\u00bbdefault\u00bb global_colors_info=\u00bb{}\u00bb][et_pb_row column_structure=\u00bb1_2,1_2&#8243; _builder_version=\u00bb4.27.4&#8243; _module_preset=\u00bbdefault\u00bb global_colors_info=\u00bb{}\u00bb][et_pb_column type=\u00bb1_2&#8243; _builder_version=\u00bb4.27.4&#8243; _module_preset=\u00bbdefault\u00bb global_colors_info=\u00bb{}\u00bb][et_pb_text _builder_version=\u00bb4.27.4&#8243; _module_preset=\u00bbdefault\u00bb global_colors_info=\u00bb{}\u00bb]<\/p>\n<h3><strong>\u00a1Es hora de dar el siguiente paso!<\/strong><\/h3>\n<p><strong><\/strong><\/p>\n<p><span style=\"color: #000000;\"><strong>Cupos limitados<\/strong> \u2192 No pierdas esta oportunidad de mejorar tu dibujo con una gu\u00eda experta.<\/span><\/p>\n<p><span style=\"color: #000000;\"><strong>Empieza hoy mismo y lleva tu arte al siguiente nivel.<\/strong><\/span><\/p>\n<p>[\/et_pb_text][et_pb_button button_url=\u00bbhttps:\/\/fernandoflores.com.mx\/cursos\/producto\/educacion-artistica-2\/\u00bb button_text=\u00bbInscribirme\u00bb button_alignment=\u00bbcenter\u00bb _builder_version=\u00bb4.27.4&#8243; _module_preset=\u00bbdefault\u00bb custom_button=\u00bbon\u00bb button_text_color=\u00bb#000000&#8243; button_bg_color=\u00bb#7CDA24&#8243; button_border_width=\u00bb3px\u00bb button_border_color=\u00bb#7CDA24&#8243; button_border_radius=\u00bb23px\u00bb button_icon=\u00bb&#xf1fc;||fa||900&#8243; button_icon_color=\u00bb#0C71C3&#8243; button_text_size_tablet=\u00bb\u00bb button_text_size_phone=\u00bb12px\u00bb button_text_size_last_edited=\u00bbon|phone\u00bb global_colors_info=\u00bb{}\u00bb][\/et_pb_button][\/et_pb_column][et_pb_column type=\u00bb1_2&#8243; _builder_version=\u00bb4.27.4&#8243; _module_preset=\u00bbdefault\u00bb global_colors_info=\u00bb{}\u00bb][et_pb_video src=\u00bbhttps:\/\/youtube.com\/shorts\/abL2sCDpa78?feature=share\u00bb image_src=\u00bbhttps:\/\/fernandoflores.com.mx\/cursos\/wp-content\/uploads\/2025\/04\/curso-de-dibujo-comienza-ahora.png\u00bb _builder_version=\u00bb4.27.4&#8243; _module_preset=\u00bbdefault\u00bb global_colors_info=\u00bb{}\u00bb][\/et_pb_video][\/et_pb_column][\/et_pb_row][\/et_pb_section][et_pb_section fb_built=\u00bb1&#8243; _builder_version=\u00bb4.27.4&#8243; _module_preset=\u00bbdefault\u00bb global_colors_info=\u00bb{}\u00bb][et_pb_row _builder_version=\u00bb4.27.4&#8243; _module_preset=\u00bbdefault\u00bb global_colors_info=\u00bb{}\u00bb][et_pb_column type=\u00bb4_4&#8243; _builder_version=\u00bb4.27.4&#8243; _module_preset=\u00bbdefault\u00bb global_colors_info=\u00bb{}\u00bb][et_pb_shop type=\u00bbproduct_category\u00bb posts_number=\u00bb1&#8243; include_categories=\u00bb18&#8243; icon_hover_color=\u00bb#06619e\u00bb hover_overlay_color=\u00bb#65b740&#8243; hover_icon=\u00bb&#xf1fc;||fa||900&#8243; show_rating=\u00bboff\u00bb _builder_version=\u00bb4.27.4&#8243; _module_preset=\u00bbdefault\u00bb global_colors_info=\u00bb{}\u00bb][\/et_pb_shop][\/et_pb_column][\/et_pb_row][et_pb_row _builder_version=\u00bb4.27.4&#8243; _module_preset=\u00bbdefault\u00bb global_colors_info=\u00bb{}\u00bb][et_pb_column type=\u00bb4_4&#8243; _builder_version=\u00bb4.27.4&#8243; _module_preset=\u00bbdefault\u00bb global_colors_info=\u00bb{}\u00bb][et_pb_code _builder_version=\u00bb4.27.4&#8243; _module_preset=\u00bbdefault\u00bb global_colors_info=\u00bb{}\u00bb]<\/p>\n<div class=\"klaviyo-form-UYikYZ\"><\/div>\n<p>[\/et_pb_code][\/et_pb_column][\/et_pb_row][\/et_pb_section]<\/p>\n","protected":false},"excerpt":{"rendered":"<p>Curso de Dibujo\u00a0 con Fernando Flores \u200b Mejora tu t\u00e9cnica, desbloquea tu creatividad y lleva tu arte al siguiente nivel con un m\u00e9todo f\u00e1cil, pr\u00e1ctico y estructurado de educaci\u00f3n art\u00edstica.Desbloquea tu creatividad\u00bfPor qu\u00e9 este curso de dibujo es para ti? \u00ab\u00bfAlguna vez has querido dibujar pero sientes que te falta t\u00e9cnica? \u00bfO quiz\u00e1s has tomado [&hellip;]<\/p>\n","protected":false},"author":1,"featured_media":0,"parent":0,"menu_order":0,"comment_status":"closed","ping_status":"closed","template":"","meta":{"_et_pb_use_builder":"on","_et_pb_old_content":"","_et_gb_content_width":"","_ppp_document_settings_meta":"","footnotes":""},"class_list":["post-78","page","type-page","status-publish","hentry"],"jetpack_sharing_enabled":true,"_links":{"self":[{"href":"https:\/\/fernandoflores.com.mx\/cursos\/wp-json\/wp\/v2\/pages\/78","targetHints":{"allow":["GET"]}}],"collection":[{"href":"https:\/\/fernandoflores.com.mx\/cursos\/wp-json\/wp\/v2\/pages"}],"about":[{"href":"https:\/\/fernandoflores.com.mx\/cursos\/wp-json\/wp\/v2\/types\/page"}],"author":[{"embeddable":true,"href":"https:\/\/fernandoflores.com.mx\/cursos\/wp-json\/wp\/v2\/users\/1"}],"replies":[{"embeddable":true,"href":"https:\/\/fernandoflores.com.mx\/cursos\/wp-json\/wp\/v2\/comments?post=78"}],"version-history":[{"count":46,"href":"https:\/\/fernandoflores.com.mx\/cursos\/wp-json\/wp\/v2\/pages\/78\/revisions"}],"predecessor-version":[{"id":1990,"href":"https:\/\/fernandoflores.com.mx\/cursos\/wp-json\/wp\/v2\/pages\/78\/revisions\/1990"}],"wp:attachment":[{"href":"https:\/\/fernandoflores.com.mx\/cursos\/wp-json\/wp\/v2\/media?parent=78"}],"curies":[{"name":"wp","href":"https:\/\/api.w.org\/{rel}","templated":true}]}}