{"id":1911,"date":"2025-07-31T17:45:41","date_gmt":"2025-07-31T17:45:41","guid":{"rendered":"https:\/\/fernandoflores.com.mx\/cursos\/?page_id=1911"},"modified":"2025-07-31T17:48:05","modified_gmt":"2025-07-31T17:48:05","slug":"asesorias-personales","status":"publish","type":"page","link":"https:\/\/fernandoflores.com.mx\/cursos\/asesorias-personales\/","title":{"rendered":"Asesor\u00edas personales"},"content":{"rendered":"<p>[et_pb_section fb_built=\u00bb1&#8243; admin_label=\u00bbHeader\u00bb _builder_version=\u00bb4.27.4&#8243; _module_preset=\u00bbdefault\u00bb background_color=\u00bbgcid-1c7f682d-c09a-42e9-8b1c-535ba676533f\u00bb use_background_color_gradient=\u00bbon\u00bb background_color_gradient_direction=\u00bb90deg\u00bb background_color_gradient_stops=\u00bbgcid-1c7f682d-c09a-42e9-8b1c-535ba676533f 65%|rgba(255,255,255,0) 65%\u00bb background_color_gradient_overlays_image=\u00bbon\u00bb background_image=\u00bbhttps:\/\/fernandoflores.com.mx\/cursos\/wp-content\/uploads\/2025\/07\/coaching-32.png\u00bb custom_padding=\u00bb5vw||5vw||true|false\u00bb background_last_edited=\u00bbon|tablet\u00bb background_color_gradient_direction_tablet=\u00bb180deg\u00bb collapsed=\u00bbon\u00bb global_colors_info=\u00bb{%22gcid-1c7f682d-c09a-42e9-8b1c-535ba676533f%22:%91%22background_color%22,%22background_color_gradient_stops%22%93}\u00bb][et_pb_row column_structure=\u00bb1_2,1_2&#8243; _builder_version=\u00bb4.20.0&#8243; _module_preset=\u00bbdefault\u00bb z_index=\u00bb1&#8243; global_colors_info=\u00bb{}\u00bb][et_pb_column type=\u00bb1_2&#8243; _builder_version=\u00bb4.20.0&#8243; _module_preset=\u00bbdefault\u00bb z_index=\u00bb10&#8243; z_index_tablet=\u00bb2&#8243; z_index_phone=\u00bb2&#8243; z_index_last_edited=\u00bbon|tablet\u00bb global_colors_info=\u00bb{}\u00bb][et_pb_text _builder_version=\u00bb4.27.4&#8243; _module_preset=\u00bbbfbec580-72f6-40fd-907a-d4f7264eff22&#8243; global_colors_info=\u00bb{}\u00bb]<\/p>\n<h4>Asesor\u00edas personales<\/h4>\n<p>[\/et_pb_text][et_pb_text _builder_version=\u00bb4.27.4&#8243; _module_preset=\u00bb1ce84ba8-455b-4ea2-8d66-5fae59ad5b36&#8243; global_colors_info=\u00bb{}\u00bb]<\/p>\n<h1><strong>Asesor\u00edas personales, enfocadas en tu nivel y estilo.<\/strong><\/h1>\n<p>[\/et_pb_text][et_pb_divider color=\u00bbrgba(0,0,0,0.2)\u00bb divider_weight=\u00bb2px\u00bb _builder_version=\u00bb4.20.0&#8243; _module_preset=\u00bbdefault\u00bb custom_margin=\u00bb|-24%|||false|false\u00bb custom_margin_tablet=\u00bb|0%|||false|false\u00bb custom_margin_phone=\u00bb|0%|||false|false\u00bb custom_margin_last_edited=\u00bbon|tablet\u00bb global_colors_info=\u00bb{}\u00bb][\/et_pb_divider][et_pb_text _builder_version=\u00bb4.27.4&#8243; _module_preset=\u00bb9db0720c-5c56-42ff-a23c-a26c947b18d3&#8243; global_colors_info=\u00bb{}\u00bb]<\/p>\n<p><span style=\"font-weight: 400;\">T\u00e9cnicas pr\u00e1cticas, explicaci\u00f3n paso a paso y acompa\u00f1amiento personalizado para mejorar tus composiciones.<\/span><\/p>\n<p>[\/et_pb_text][et_pb_button button_url=\u00bbhttps:\/\/fernandoflores.com.mx\/cursos\/producto\/asesorias-personales\/\u00bb button_text=\u00bbAgenda tu sesi\u00f3n\u00bb _builder_version=\u00bb4.27.4&#8243; _module_preset=\u00bbbea466c0-4cbd-491a-84df-e245104767d9&#8243; hover_enabled=\u00bb0&#8243; global_colors_info=\u00bb{}\u00bb sticky_enabled=\u00bb0&#8243;][\/et_pb_button][et_pb_image src=\u00bbhttps:\/\/fernandoflores.com.mx\/cursos\/wp-content\/uploads\/2025\/07\/coaching-1.png\u00bb title_text=\u00bbcoaching-1&#8243; _builder_version=\u00bb4.20.0&#8243; _module_preset=\u00bbdefault\u00bb positioning=\u00bbabsolute\u00bb position_origin_a=\u00bbbottom_left\u00bb vertical_offset=\u00bb-5%\u00bb horizontal_offset=\u00bb-15%\u00bb z_index=\u00bb-1&#8243; width=\u00bb70%\u00bb global_colors_info=\u00bb{}\u00bb][\/et_pb_image][\/et_pb_column][et_pb_column type=\u00bb1_2&#8243; _builder_version=\u00bb4.20.0&#8243; _module_preset=\u00bbdefault\u00bb global_colors_info=\u00bb{}\u00bb][et_pb_image src=\u00bbhttps:\/\/fernandoflores.com.mx\/cursos\/wp-content\/uploads\/2025\/07\/perspectiva.webp\u00bb title_text=\u00bbperspectiva\u00bb _builder_version=\u00bb4.27.4&#8243; _module_preset=\u00bbdefault\u00bb max_height_tablet=\u00bb300px\u00bb max_height_phone=\u00bb300px\u00bb max_height_last_edited=\u00bbon|tablet\u00bb locked=\u00bboff\u00bb global_colors_info=\u00bb{}\u00bb][\/et_pb_image][\/et_pb_column][\/et_pb_row][\/et_pb_section][et_pb_section fb_built=\u00bb1&#8243; _builder_version=\u00bb4.27.4&#8243; _module_preset=\u00bbdefault\u00bb global_colors_info=\u00bb{}\u00bb][et_pb_row _builder_version=\u00bb4.27.4&#8243; _module_preset=\u00bbdefault\u00bb global_colors_info=\u00bb{}\u00bb][et_pb_column type=\u00bb4_4&#8243; _builder_version=\u00bb4.27.4&#8243; _module_preset=\u00bbdefault\u00bb global_colors_info=\u00bb{}\u00bb][et_pb_shop type=\u00bbproduct_category\u00bb include_categories=\u00bb25&#8243; _builder_version=\u00bb4.27.4&#8243; _module_preset=\u00bbdefault\u00bb global_colors_info=\u00bb{}\u00bb][\/et_pb_shop][\/et_pb_column][\/et_pb_row][\/et_pb_section]<\/p>\n","protected":false},"excerpt":{"rendered":"<p>Asesor\u00edas personalesAsesor\u00edas personales, enfocadas en tu nivel y estilo.T\u00e9cnicas pr\u00e1cticas, explicaci\u00f3n paso a paso y acompa\u00f1amiento personalizado para mejorar tus composiciones.<\/p>\n","protected":false},"author":1,"featured_media":0,"parent":0,"menu_order":0,"comment_status":"closed","ping_status":"closed","template":"","meta":{"_et_pb_use_builder":"on","_et_pb_old_content":"","_et_gb_content_width":"","_ppp_document_settings_meta":"","footnotes":""},"class_list":["post-1911","page","type-page","status-publish","hentry"],"jetpack_sharing_enabled":true,"_links":{"self":[{"href":"https:\/\/fernandoflores.com.mx\/cursos\/wp-json\/wp\/v2\/pages\/1911","targetHints":{"allow":["GET"]}}],"collection":[{"href":"https:\/\/fernandoflores.com.mx\/cursos\/wp-json\/wp\/v2\/pages"}],"about":[{"href":"https:\/\/fernandoflores.com.mx\/cursos\/wp-json\/wp\/v2\/types\/page"}],"author":[{"embeddable":true,"href":"https:\/\/fernandoflores.com.mx\/cursos\/wp-json\/wp\/v2\/users\/1"}],"replies":[{"embeddable":true,"href":"https:\/\/fernandoflores.com.mx\/cursos\/wp-json\/wp\/v2\/comments?post=1911"}],"version-history":[{"count":5,"href":"https:\/\/fernandoflores.com.mx\/cursos\/wp-json\/wp\/v2\/pages\/1911\/revisions"}],"predecessor-version":[{"id":1945,"href":"https:\/\/fernandoflores.com.mx\/cursos\/wp-json\/wp\/v2\/pages\/1911\/revisions\/1945"}],"wp:attachment":[{"href":"https:\/\/fernandoflores.com.mx\/cursos\/wp-json\/wp\/v2\/media?parent=1911"}],"curies":[{"name":"wp","href":"https:\/\/api.w.org\/{rel}","templated":true}]}}